{"id":58774,"date":"2025-05-22T15:49:40","date_gmt":"2025-05-22T13:49:40","guid":{"rendered":"https:\/\/www.usd.de\/?page_id=58774"},"modified":"2026-01-26T15:05:21","modified_gmt":"2026-01-26T14:05:21","slug":"usd-basic-seminar-single-sign-on-oauth-open-id-connect","status":"publish","type":"page","link":"https:\/\/www.usd.de\/en\/cst-academy\/events\/usd-basic-seminar-single-sign-on-oauth-open-id-connect\/","title":{"rendered":"usd Basic Seminar:\u00a0Single Sign-On\/OAuth &amp; OpenID Connect"},"content":{"rendered":"<p>[et_pb_section fb_built=\"1\" _builder_version=\"4.9.4\" _module_preset=\"default\" background_image=\"https:\/\/www.usd.de\/wp-content\/uploads\/CST-Academy-Event-Header-2790x644-1-scaled.jpg\" parallax=\"on\" parallax_method=\"off\" custom_padding=\"91px||91px||true|false\" global_module=\"11219\" saved_tabs=\"all\" locked=\"off\" global_colors_info=\"{}\"][et_pb_row _builder_version=\"4.16\" _module_preset=\"default\" global_colors_info=\"{}\"][et_pb_column type=\"4_4\" _builder_version=\"4.16\" _module_preset=\"default\" global_colors_info=\"{}\"][et_pb_image src=\"https:\/\/www.usd.de\/wp-content\/uploads\/\/CST-Academy-Logo.svg\" title_text=\"CST Academy Logo\" url=\"\/cst-academy\/\" _builder_version=\"4.16\" _module_preset=\"default\" width=\"40%\" width_tablet=\"\" width_phone=\"80%\" width_last_edited=\"on|tablet\" module_alignment=\"center\" global_colors_info=\"{}\"][\/et_pb_image][\/et_pb_column][\/et_pb_row][\/et_pb_section][et_pb_section fb_built=\"1\" _builder_version=\"4.16\" _module_preset=\"default\" background_color=\"#F6F6F6\" global_colors_info=\"{}\"][et_pb_row column_structure=\"1_2,1_2\" use_custom_gutter=\"on\" gutter_width=\"2\" make_equal=\"on\" _builder_version=\"4.27.4\" _module_preset=\"default\" background_color=\"#FFFFFF\" background_enable_image=\"off\" custom_margin=\"22px||22px||true|false\" custom_padding=\"0px|0px|0px|0px|true|true\" border_radii=\"on|5px|5px|5px|5px\" box_shadow_style=\"preset1\" box_shadow_blur=\"10px\" box_shadow_spread=\"-5px\" locked=\"off\" global_colors_info=\"{}\"][et_pb_column type=\"1_2\" _builder_version=\"4.27.4\" _module_preset=\"default\" background_image=\"https:\/\/www.usd.de\/wp-content\/uploads\/usd-security-analysis-kachel-single-sign-on-pentest.jpg\" custom_padding=\"119px||119px||true|false\" custom_padding_tablet=\"162px||162px||true|false\" custom_padding_phone=\"90px||90px||true|false\" custom_padding_last_edited=\"on|phone\" global_colors_info=\"{}\"][\/et_pb_column][et_pb_column type=\"1_2\" _builder_version=\"4.16\" _module_preset=\"default\" custom_padding=\"20px|20px|20px||true|false\" custom_padding_tablet=\"|20px||20px|true|true\" custom_padding_phone=\"\" custom_padding_last_edited=\"on|tablet\" global_colors_info=\"{}\"][et_pb_text _builder_version=\"4.27.4\" _module_preset=\"default\" header_font_size=\"26px\" custom_padding=\"0px||2px|||\" global_colors_info=\"{}\"]<\/p>\n<h1>usd Basic Seminar: Single Sign-On\/OAuth &amp; OpenID Connect<\/h1>\n<p>[\/et_pb_text][et_pb_text _builder_version=\"4.27.4\" _module_preset=\"default\" global_colors_info=\"{}\"]<\/p>\n<div class=\"ba-mce-content\">\n<p><strong>Termin: <\/strong>Fragen Sie ein privates Seminar f\u00fcr Ihr Unternehmen an.<\/p>\n<p><strong>Dauer:<\/strong> Tagesseminar von 09:00 bis 17:00 Uhr<\/p>\n<p><strong>Veranstaltungsort:<\/strong> Remote oder vor Ort bei Ihnen oder in unserer <a href=\"https:\/\/www.usd.de\/cst-academy\/mission\/\">CST Academy<\/a><strong><\/strong><\/p>\n<\/div>\n<p>[\/et_pb_text][et_pb_button button_url=\"https:\/\/www.usd.de\/kontaktformular-analysis-pentests\/\" url_new_window=\"on\" button_text=\"Seminar anfragen\" button_alignment=\"center\" disabled_on=\"off|off|off\" _builder_version=\"4.27.4\" _module_preset=\"7d5eca5e-7ccf-4359-a023-e8404a31180a\" global_colors_info=\"{}\"][\/et_pb_button][\/et_pb_column][\/et_pb_row][et_pb_row _builder_version=\"4.16\" _module_preset=\"default\" global_colors_info=\"{}\"][et_pb_column type=\"4_4\" _builder_version=\"4.16\" _module_preset=\"default\" global_colors_info=\"{}\"][et_pb_text _builder_version=\"4.27.4\" _module_preset=\"default\" global_colors_info=\"{}\"]<\/p>\n<div id=\"x-section-2\" class=\"x-section usd-sidebar-layout\">\n<div class=\"x-container max width marginless-columns\">\n<div class=\"x-column x-sm x-1-1\">\n<h2>Seminarinhalte<\/h2>\n<p>In diesem Seminar erhalten Sie eine Einf\u00fchrung in die Grundlagen von Single Sign-On (SSO). Sie lernen die wichtigsten Fachbegriffe, Zusammenh\u00e4nge und Konzepte kennen, die f\u00fcr das weitere Seminar relevant sind. Zudem besch\u00e4ftigen wir uns mit den g\u00e4ngigen Authentifizierungsprotokollen wie SAML, OAuth und OpenID Connect sowie deren Anwendung in Ihrer IT-Infrastruktur. Sie erfahren unter anderem, welche Sicherheitsaspekte bei der Implementierung von SSO zu beachten sind, welche Angriffsvektoren existieren und welche Best Practices am besten in Ihrem Unternehmen implementiert werden k\u00f6nnen. Am Ende sind Sie gefragt: Wenden Sie das Erlernte an und testen Sie die Sicherheit von SSO.<\/p>\n<\/div>\n<\/div>\n<\/div>\n<p>[\/et_pb_text][et_pb_text _builder_version=\"4.16\" _module_preset=\"default\" custom_margin=\"||18px|||\" global_colors_info=\"{}\"]<\/p>\n<h4>Schwerpunkte:<\/h4>\n<p>[\/et_pb_text][et_pb_accordion open_toggle_background_color=\"#FFFFFF\" closed_toggle_background_color=\"#FFFFFF\" icon_color=\"#eaeaea\" use_icon_font_size=\"on\" icon_font_size=\"23px\" _builder_version=\"4.27.4\" _module_preset=\"default\" body_font=\"|300|||||||\" body_font_size=\"16px\" custom_margin=\"4px|0px|62px|0px|false|true\" border_radii=\"on|5px|5px|5px|5px\" border_color_all=\"#F6F6F6\" global_colors_info=\"{}\"][et_pb_accordion_item title=\"Nicht bearbeiten!\" open=\"on\" _builder_version=\"4.16\" _module_preset=\"default\" custom_css_main_element=\"display: none;\" global_colors_info=\"{}\"]<\/p>\n<p>Your content goes here. Edit or remove this text inline or in the module Content settings. You can also style every aspect of this content in the module Design settings and even apply custom CSS to this text in the module Advanced settings.<\/p>\n<p>[\/et_pb_accordion_item][et_pb_accordion_item title=\"Geschichte von Single Sign-On\" closed_toggle_text_color=\"#3C3C3C\" _builder_version=\"4.27.4\" _module_preset=\"default\" border_radii=\"on|5px|5px|5px|5px\" global_colors_info=\"{}\" closed_toggle_font=\"|300|||||||\" closed_toggle_font_size=\"16px\" toggle_text_color__hover_enabled=\"on|hover\" toggle_text_color__hover=\"#F07F1D\" open_toggle_text_color__hover_enabled=\"on|hover\" open_toggle_text_color__hover=\"#F07F1D\" open=\"off\"]<\/p>\n<p>Sie erhalten einen \u00dcberblick \u00fcber die Entstehung und Entwicklung von Single Sign-On, von den ersten Ans\u00e4tzen bis zu den aktuellen Standards.<\/p>\n<p>[\/et_pb_accordion_item][et_pb_accordion_item title=\"Grundlagen Single Sign-On \/ OAuth 2.0 \/ OpenID Connect 1.0\" closed_toggle_text_color=\"#3C3C3C\" _builder_version=\"4.27.4\" _module_preset=\"default\" border_radii=\"on|5px|5px|5px|5px\" global_colors_info=\"{}\" closed_toggle_font=\"|300|||||||\" closed_toggle_font_size=\"16px\" toggle_text_color__hover_enabled=\"on|hover\" toggle_text_color__hover=\"#F07F1D\" open_toggle_text_color__hover_enabled=\"on|hover\" open_toggle_text_color__hover=\"#F07F1D\" open=\"off\"]<\/p>\n<div class=\"TypographyPresentation TypographyPresentation--m RichText3-paragraph--withVSpacingNormal RichText3-paragraph\">Wir erkl\u00e4ren die grundlegenden Konzepte von SSO sowie die Funktionsweise und Unterschiede zwischen OAuth 2.0 und OpenID Connect 1.0.<\/div>\n<p>[\/et_pb_accordion_item][et_pb_accordion_item title=\"Flows und Funktionalit\u00e4ten von OpenID Connect 1.0 \/ OAuth 2.0\" closed_toggle_text_color=\"#3C3C3C\" _builder_version=\"4.27.4\" _module_preset=\"default\" border_radii=\"on|5px|5px|5px|5px\" global_colors_info=\"{}\" closed_toggle_font=\"|300|||||||\" closed_toggle_font_size=\"16px\" toggle_text_color__hover_enabled=\"on|hover\" toggle_text_color__hover=\"#F07F1D\" open_toggle_text_color__hover_enabled=\"on|hover\" open_toggle_text_color__hover=\"#F07F1D\" open=\"off\"]<\/p>\n<div class=\"TypographyPresentation TypographyPresentation--m RichText3-paragraph--withVSpacingNormal RichText3-paragraph\">Sie lernen die wichtigsten Authentifizierungs- und Autorisierungsabl\u00e4ufe kennen und verstehen, wie die Protokolle in der Praxis eingesetzt werden.<\/div>\n<p>[\/et_pb_accordion_item][et_pb_accordion_item title=\"OAuth 2.0 Erweiterungen: Proof Key for Code Exchange\" closed_toggle_text_color=\"#3C3C3C\" _builder_version=\"4.27.4\" _module_preset=\"default\" border_radii=\"on|5px|5px|5px|5px\" global_colors_info=\"{}\" closed_toggle_font=\"|300|||||||\" closed_toggle_font_size=\"16px\" toggle_text_color__hover_enabled=\"on|hover\" toggle_text_color__hover=\"#F07F1D\" open_toggle_text_color__hover_enabled=\"on|hover\" open_toggle_text_color__hover=\"#F07F1D\" open=\"off\"]<\/p>\n<div class=\"TypographyPresentation TypographyPresentation--m RichText3-paragraph--withVSpacingNormal RichText3-paragraph\">\n<div class=\"TypographyPresentation TypographyPresentation--m RichText3-paragraph--withVSpacingNormal RichText3-paragraph\">\n<p>Wir stellen Ihnen die Erweiterung PKCE (Proof Key for Code Exchange) vor und erl\u00e4utern, wie sie die Sicherheit von OAuth 2.0 verbessert.<\/p>\n<\/div>\n<\/div>\n<p>[\/et_pb_accordion_item][et_pb_accordion_item title=\"Angriffsvektoren OpenID Connect 1.0\" closed_toggle_text_color=\"#3C3C3C\" title_last_edited=\"off|desktop\" _builder_version=\"4.27.4\" _module_preset=\"default\" border_radii=\"on|5px|5px|5px|5px\" global_colors_info=\"{}\" closed_toggle_font=\"|300|||||||\" closed_toggle_font_size=\"16px\" toggle_text_color__hover_enabled=\"on|hover\" toggle_text_color__hover=\"#F07F1D\" open_toggle_text_color__hover_enabled=\"on|hover\" open_toggle_text_color__hover=\"#F07F1D\" open=\"off\"]<\/p>\n<div class=\"TypographyPresentation TypographyPresentation--m RichText3-paragraph--withVSpacingNormal RichText3-paragraph\">Sie erfahren, welche typischen Schwachstellen bei der Nutzung von OpenID Connect 1.0 existieren und wie Angreifer diese ausnutzen k\u00f6nnen.<\/div>\n<p>[\/et_pb_accordion_item][et_pb_accordion_item title=\"Best Practices OpenID Connect 1.0 \/ OAuth 2.0\" closed_toggle_text_color=\"#3C3C3C\" title_last_edited=\"off|desktop\" _builder_version=\"4.27.4\" _module_preset=\"default\" border_radii=\"on|5px|5px|5px|5px\" global_colors_info=\"{}\" closed_toggle_font=\"|300|||||||\" closed_toggle_font_size=\"16px\" toggle_text_color__hover_enabled=\"on|hover\" toggle_text_color__hover=\"#F07F1D\" open_toggle_text_color__hover_enabled=\"on|hover\" open_toggle_text_color__hover=\"#F07F1D\" open=\"off\"]<\/p>\n<p>Wir zeigen Ihnen empfohlene Vorgehensweisen und Sicherheitsma\u00dfnahmen, um OpenID Connect 1.0 und OAuth 2.0 korrekt und sicher zu implementieren.<\/p>\n<p>[\/et_pb_accordion_item][et_pb_accordion_item title=\"Angriffe in der Praxis\" closed_toggle_text_color=\"#3C3C3C\" title_last_edited=\"off|desktop\" _builder_version=\"4.27.4\" _module_preset=\"default\" border_radii=\"on|5px|5px|5px|5px\" global_colors_info=\"{}\" closed_toggle_font=\"|300|||||||\" closed_toggle_font_size=\"16px\" toggle_text_color__hover_enabled=\"on|hover\" toggle_text_color__hover=\"#F07F1D\" open_toggle_text_color__hover_enabled=\"on|hover\" open_toggle_text_color__hover=\"#F07F1D\" open=\"off\"]<\/p>\n<div class=\"TypographyPresentation TypographyPresentation--m RichText3-paragraph--withVSpacingNormal RichText3-paragraph\">\n<div class=\"TypographyPresentation TypographyPresentation--m RichText3-paragraph--withVSpacingNormal RichText3-paragraph\">In einem praktischen \u00dcbungsteil testen Sie typische Angriffsszenarien selbst, um die Risiken besser zu verstehen und Gegenma\u00dfnahmen gezielt anwenden zu k\u00f6nnen.<\/div>\n<\/div>\n<p>[\/et_pb_accordion_item][\/et_pb_accordion][\/et_pb_column][\/et_pb_row][et_pb_row use_custom_gutter=\"on\" gutter_width=\"2\" make_equal=\"on\" _builder_version=\"4.19.5\" _module_preset=\"default\" min_height=\"212.2px\" custom_margin=\"1px|auto||auto||\" custom_padding=\"16px|7px|42px|7px|false|true\" border_radii=\"on|5px|5px|5px|5px\" global_colors_info=\"{}\"][et_pb_column type=\"4_4\" _builder_version=\"4.19.5\" _module_preset=\"default\" background_color=\"RGBA(0,0,0,0)\" background_image=\"https:\/\/www.usd.de\/wp-content\/uploads\/usd-karriere-header-benefits.jpg\" custom_padding=\"0px|0px|0px|0px|true|true\" border_color_all=\"#F6F6F6\" global_colors_info=\"{}\"][et_pb_text _builder_version=\"4.21.0\" _module_preset=\"51ae1141-d3aa-4d8e-88be-0448f8284f54\" background_color=\"RGBA(0,0,0,0)\" custom_margin=\"23px||-1px||false|false\" custom_padding=\"6px|30px|0px|30px|false|true\" global_colors_info=\"{}\"]<\/p>\n<h3><span style=\"color: #ffffff\">Firmeninternes Seminar<\/span><\/h3>\n<p>[\/et_pb_text][et_pb_text _builder_version=\"4.21.0\" _module_preset=\"51ae1141-d3aa-4d8e-88be-0448f8284f54\" background_color=\"RGBA(0,0,0,0)\" global_colors_info=\"{}\"]<\/p>\n<p>Gerne bieten wir dieses Seminar f\u00fcr Sie und Ihre Mitarbeiter*innen und mit auf Ihr Unternehmen angepassten Inhalten an. Sprechen Sie uns einfach an.<\/p>\n<p>[\/et_pb_text][et_pb_button button_url=\"https:\/\/www.usd.de\/kontaktformular-analysis-pentests\/\" url_new_window=\"on\" button_text=\"Seminar anfragen\" button_alignment=\"center\" _builder_version=\"4.23.4\" _module_preset=\"7d5eca5e-7ccf-4359-a023-e8404a31180a\" custom_margin=\"||26px||false|false\" global_colors_info=\"{}\"][\/et_pb_button][\/et_pb_column][\/et_pb_row][et_pb_row _builder_version=\"4.16\" _module_preset=\"default\" global_colors_info=\"{}\"][et_pb_column type=\"4_4\" _builder_version=\"4.16\" _module_preset=\"default\" global_colors_info=\"{}\"][et_pb_text _builder_version=\"4.16\" _module_preset=\"default\" custom_margin=\"||18px|||\" global_colors_info=\"{}\"]<\/p>\n<h2>Seminarinformationen<\/h2>\n<p>[\/et_pb_text][et_pb_accordion open_toggle_background_color=\"#FFFFFF\" closed_toggle_background_color=\"#FFFFFF\" icon_color=\"#eaeaea\" use_icon_font_size=\"on\" icon_font_size=\"23px\" _builder_version=\"4.27.4\" _module_preset=\"default\" body_font=\"|300|||||||\" body_font_size=\"16px\" custom_margin=\"4px|0px|62px|0px|false|true\" hover_enabled=\"0\" border_radii=\"on|5px|5px|5px|5px\" border_color_all=\"#F6F6F6\" global_colors_info=\"{}\" sticky_enabled=\"0\"][et_pb_accordion_item title=\"Nicht bearbeiten!\" open=\"on\" _builder_version=\"4.16\" _module_preset=\"default\" custom_css_main_element=\"display: none;\" global_colors_info=\"{}\"]<\/p>\n<p>Your content goes here. Edit or remove this text inline or in the module Content settings. You can also style every aspect of this content in the module Design settings and even apply custom CSS to this text in the module Advanced settings.<\/p>\n<p>[\/et_pb_accordion_item][et_pb_accordion_item title=\"F\u00fcr wen ist das Seminar geeignet?\" closed_toggle_text_color=\"#3C3C3C\" _builder_version=\"4.27.4\" _module_preset=\"default\" border_radii=\"on|5px|5px|5px|5px\" global_colors_info=\"{}\" closed_toggle_font=\"|300|||||||\" closed_toggle_font_size=\"16px\" toggle_text_color__hover_enabled=\"on|hover\" toggle_text_color__hover=\"#F07F1D\" open_toggle_text_color__hover_enabled=\"on|hover\" open_toggle_text_color__hover=\"#F07F1D\" open=\"off\"]<\/p>\n<p>Das Seminar richtet sich an Teilnehmer*innen, die bislang keine Erfahrung mit OpenID, OAuth oder Single Sign-On (SSO) haben und jetzt im Rahmen ihrer beruflichen T\u00e4tigkeit erstmals mit diesen Technologien in Ber\u00fchrung kommen. Sie m\u00f6chten ein grundlegendes Verst\u00e4ndnis aufbauen, um deren Einsatzm\u00f6glichkeiten und Vorteile f\u00fcr Ihr Unternehmen besser einsch\u00e4tzen zu k\u00f6nnen.<\/p>\n<p>Wir legen gro\u00dfen Wert auf die aktive Diskussion von Inhalten sowie die rege Teilnahme an den Praxis\u00fcbungen. Das Seminar ist deshalb auf maximal 10-12 Personen begrenzt. Die Mindestteilnehmerzahl betr\u00e4gt vier.<\/p>\n<p>[\/et_pb_accordion_item][et_pb_accordion_item title=\"Welche Voraussetzungen sollten Sie mitbringen?\" closed_toggle_text_color=\"#3C3C3C\" _builder_version=\"4.27.4\" _module_preset=\"default\" hover_enabled=\"0\" border_radii=\"on|5px|5px|5px|5px\" global_colors_info=\"{}\" closed_toggle_font=\"|300|||||||\" closed_toggle_font_size=\"16px\" toggle_text_color__hover_enabled=\"on|hover\" toggle_text_color__hover=\"#F07F1D\" open_toggle_text_color__hover_enabled=\"on|hover\" open_toggle_text_color__hover=\"#F07F1D\" open=\"off\" sticky_enabled=\"0\"]<\/p>\n<p>Das Seminar richtet sich an Personen mit genereller Affinit\u00e4t f\u00fcr IT-Themen und setzt folgende Kenntnisse voraus:<\/p>\n<ul>\n<li>Grundlegendes technisches Verst\u00e4ndnis, z. B. in den Bereichen Administration, Web-Anwendungen oder Programmierung<\/li>\n<li>Verst\u00e4ndnis f\u00fcr Protokolle wie HTTP\/HTTPS<\/li>\n<li>Verst\u00e4ndnis f\u00fcr symmetrische und asymmetrische Verschl\u00fcsselung <\/li>\n<\/ul>\n<p>[\/et_pb_accordion_item][et_pb_accordion_item title=\"Wer sind die Referent*innen?\" closed_toggle_text_color=\"#3C3C3C\" _builder_version=\"4.27.4\" _module_preset=\"default\" hover_enabled=\"0\" border_radii=\"on|5px|5px|5px|5px\" global_colors_info=\"{}\" closed_toggle_font=\"|300|||||||\" closed_toggle_font_size=\"16px\" toggle_text_color__hover_enabled=\"on|hover\" toggle_text_color__hover=\"#F07F1D\" open_toggle_text_color__hover_enabled=\"on|hover\" open_toggle_text_color__hover=\"#F07F1D\" open=\"off\" sticky_enabled=\"0\"]<\/p>\n<p><span>Das Seminar wird von einem Senior Consultant mit praktischer Erfahrung in den Bereichen Security Audits (ISO27001\/ISO27002, BSI Grundschutz) und <\/span><a href=\"https:\/\/www.usd.de\/security-analysis-pentests\/pentest\/\">Pentests<\/a><span>\u00a0sowie sicherer Softwareentwicklung durchgef\u00fchrt.<\/span><\/p>\n<p>[\/et_pb_accordion_item][et_pb_accordion_item title=\"Welche Verpflegungsleistungen sind inkludiert?\" closed_toggle_text_color=\"#3C3C3C\" _builder_version=\"4.27.4\" _module_preset=\"default\" hover_enabled=\"0\" border_radii=\"on|5px|5px|5px|5px\" global_colors_info=\"{}\" closed_toggle_font=\"|300|||||||\" closed_toggle_font_size=\"16px\" toggle_text_color__hover_enabled=\"on|hover\" toggle_text_color__hover=\"#F07F1D\" open_toggle_text_color__hover_enabled=\"on|hover\" open_toggle_text_color__hover=\"#F07F1D\" open=\"off\" sticky_enabled=\"0\"]<\/p>\n<p>Bei unseren Seminaren vor Ort in den R\u00e4umlichkeiten der CST Academy sind die nachfolgenden Verpflegungsleistungen f\u00fcr alle Seminartage bereits inkludiert:<\/p>\n<ul>\n<li>Kaffee und Tee (unbegrenzt)<\/li>\n<li>Wasser und\u00a0Softgetr\u00e4nke (unbegrenzt)<\/li>\n<li>Mittagessen<\/li>\n<li>Snacks<\/li>\n<\/ul>\n<p>[\/et_pb_accordion_item][et_pb_accordion_item title=\"Ihr pers\u00f6nliches Zertifikat\" closed_toggle_text_color=\"#3C3C3C\" _builder_version=\"4.27.4\" _module_preset=\"default\" hover_enabled=\"0\" border_radii=\"on|5px|5px|5px|5px\" global_colors_info=\"{}\" closed_toggle_font=\"|300|||||||\" closed_toggle_font_size=\"16px\" toggle_text_color__hover_enabled=\"on|hover\" toggle_text_color__hover=\"#F07F1D\" open_toggle_text_color__hover_enabled=\"on|hover\" open_toggle_text_color__hover=\"#F07F1D\" open=\"off\" sticky_enabled=\"0\"]<\/p>\n<p><span>Nach erfolgreichem Abschluss des Seminars erhalten Sie ein pers\u00f6nliches Zertifikat, das die erlernten Inhalte sowie die erfolgreiche Teilnahme best\u00e4tigt. Au\u00dferdem qualifizieren Sie sich f\u00fcr 6 CPE (Continuing Professional Education) Stunden.<\/span><\/p>\n<p>[\/et_pb_accordion_item][\/et_pb_accordion][\/et_pb_column][\/et_pb_row][et_pb_row disabled_on=\"on|on|on\" _builder_version=\"4.27.4\" _module_preset=\"default\" disabled=\"on\" global_colors_info=\"{}\"][et_pb_column type=\"4_4\" _builder_version=\"4.25.2\" _module_preset=\"default\" global_colors_info=\"{}\"][et_pb_text _builder_version=\"4.25.2\" _module_preset=\"default\" custom_margin=\"||18px|||\" global_colors_info=\"{}\"]<\/p>\n<h2>Registrierung<\/h2>\n<p>[\/et_pb_text][et_pb_text _builder_version=\"4.27.0\" _module_preset=\"default\" global_colors_info=\"{}\"]<\/p>\n<p><span><span class=\"ui-provider a b c d e f g h i j k l m n o p q r s t u v w x y z ab ac ae af ag ah ai aj ak\" dir=\"ltr\">Zum jetzigen Zeitpunkt haben wir die Registrierung geschlossen.<\/span><\/span><\/p>\n<p><span><span class=\"ui-provider a b c d e f g h i j k l m n o p q r s t u v w x y z ab ac ae af ag ah ai aj ak\" dir=\"ltr\">Wenden Sie sich bei Fragen gerne direkt an uns. Per Telefon: <a rel=\"noreferrer noopener\" title=\"tel:+490610208631550\" target=\"_blank\">+49 6102 8631-550<\/a>\u00a0oder per E-Mail an:\u00a0<a aria-label=\"Link academy@usd.de\" href=\"mailto:academy@usd.de\" rel=\"noreferrer noopener\" target=\"_blank\" class=\"fui-Link ___1rxvrpe f2hkw1w f3rmtva f1ewtqcl fyind8e f1k6fduh f1w7gpdv fk6fouc fjoy568 figsok6 f1hu3pq6 f11qmguv f19f4twv f1tyq0we f1g0x7ka fhxju0i f1qch9an f1cnd47f fqv5qza f1vmzxwi f1o700av f13mvf36 f1cmlufx f9n3di6 f1ids18y f1tx3yz7 f1deo86v f1eh06m1 f1iescvh fhgqx19 f1olyrje f1p93eir f1nev41a f1h8hb77 f1lqvz6u f10aw75t fsle3fq f17ae5zn\" title=\"mailto:academy@usd.de\">academy@usd.de<\/a>.<\/span><\/span><\/p>\n<p>[\/et_pb_text][\/et_pb_column][\/et_pb_row][\/et_pb_section]<\/p>\n","protected":false},"excerpt":{"rendered":"<p>usd Basic Seminar: Single Sign-On\/OAuth &amp; OpenID Connect Termin: Fragen Sie ein privates Seminar f\u00fcr Ihr Unternehmen an. Dauer: Tagesseminar von 09:00 bis 17:00 Uhr Veranstaltungsort: Remote oder vor Ort bei Ihnen oder in unserer CST Academy Seminarinhalte In diesem Seminar erhalten Sie eine Einf\u00fchrung in die Grundlagen von Single Sign-On (SSO). Sie lernen die [&hellip;]<\/p>\n","protected":false},"author":117,"featured_media":0,"parent":13646,"menu_order":0,"comment_status":"closed","ping_status":"closed","template":"","meta":{"_et_pb_use_builder":"on","_et_pb_old_content":"","_et_gb_content_width":"","inline_featured_image":false,"footnotes":""},"class_list":["post-58774","page","type-page","status-publish","hentry"],"_links":{"self":[{"href":"https:\/\/www.usd.de\/en\/wp-json\/wp\/v2\/pages\/58774","targetHints":{"allow":["GET"]}}],"collection":[{"href":"https:\/\/www.usd.de\/en\/wp-json\/wp\/v2\/pages"}],"about":[{"href":"https:\/\/www.usd.de\/en\/wp-json\/wp\/v2\/types\/page"}],"author":[{"embeddable":true,"href":"https:\/\/www.usd.de\/en\/wp-json\/wp\/v2\/users\/117"}],"replies":[{"embeddable":true,"href":"https:\/\/www.usd.de\/en\/wp-json\/wp\/v2\/comments?post=58774"}],"version-history":[{"count":5,"href":"https:\/\/www.usd.de\/en\/wp-json\/wp\/v2\/pages\/58774\/revisions"}],"predecessor-version":[{"id":63543,"href":"https:\/\/www.usd.de\/en\/wp-json\/wp\/v2\/pages\/58774\/revisions\/63543"}],"up":[{"embeddable":true,"href":"https:\/\/www.usd.de\/en\/wp-json\/wp\/v2\/pages\/13646"}],"wp:attachment":[{"href":"https:\/\/www.usd.de\/en\/wp-json\/wp\/v2\/media?parent=58774"}],"curies":[{"name":"wp","href":"https:\/\/api.w.org\/{rel}","templated":true}]}}